{"id":15,"date":"2024-12-09T15:32:26","date_gmt":"2024-12-09T15:32:26","guid":{"rendered":"https:\/\/mystifying-raman.81-21-112-135.plesk.page\/?page_id=15"},"modified":"2025-03-28T16:38:06","modified_gmt":"2025-03-28T16:38:06","slug":"links-verordnungen","status":"publish","type":"page","link":"https:\/\/vs-langenwang.at\/index.php\/links-verordnungen\/","title":{"rendered":"Links &#038; Verordnungen"},"content":{"rendered":"\n<p>Vordruck f\u00fcr Entschuldigung bei Fernbleiben vom Unterricht: <a href=\"http:\/\/vs-langenwang.at\/wp-content\/uploads\/2019\/03\/Entschuldigung.pdf\">Entschuldigung<\/a><\/p>\n\n\n\n<p>Links<\/p>\n\n\n\n<p>F\u00fcr Eltern<\/p>\n\n\n\n<p><a href=\"https:\/\/www.langenwang.at\/\">Gemeinde Langenwang<\/a><\/p>\n\n\n\n<p><a href=\"https:\/\/www.bildung-stmk.gv.at\/\">Bildungsdirektion Steiermark<\/a><\/p>\n\n\n\n<p><a href=\"https:\/\/www.buchklub.at\/\">\u00d6sterreichischer Buchklub<\/a><\/p>\n\n\n\n<p><a href=\"http:\/\/www.jugendrotkreuz.at\/steiermark\/startseite\/\">\u00d6sterreichisches Jugendrotkreuz Steiermark<\/a><\/p>\n\n\n\n<p><a href=\"https:\/\/www.hilfswerk.at\/steiermark\/kinderbetreuung-in-der-steiermark\/\">Hilfswerk Steiermark &#8211; Kinderbetreuung<\/a><\/p>\n\n\n\n<p>F\u00fcr Kinder<\/p>\n\n\n\n<p><a href=\"https:\/\/www.fragfinn.de\/\">fragFINN &#8211; Suchmaschine f\u00fcr Kinder<\/a><\/p>\n\n\n\n<p><a href=\"https:\/\/www.blinde-kuh.de\/smart-index.html\">Blinde Kuch &#8211; Suchmaschine f\u00fcr Kinder<\/a><\/p>\n\n\n\n<p><a href=\"http:\/\/www.kidsnet.at\/\">Kidsnet<\/a><\/p>\n\n\n\n<p><a href=\"http:\/\/www.hamsterkiste.de\">Hamsterkiste<\/a><\/p>\n\n\n\n<p>Verordnungen<\/p>\n\n\n\n<p><a href=\"http:\/\/vs-langenwang.at\/wp-content\/uploads\/2024\/10\/VO_Schulsportkalender_2024_25.pdf\">VO_Schulsportkalender_2024_25<\/a><\/p>\n\n\n\n<p><a href=\"http:\/\/vs-langenwang.at\/wp-content\/uploads\/2024\/10\/VO_Safety_Tour_2025.pdf\">VO_Safety_Tour_2025<\/a><\/p>\n\n\n\n<p><a href=\"http:\/\/vs-langenwang.at\/wp-content\/uploads\/2024\/10\/VO_KiERa.pdf\">VO_KiERa<\/a><\/p>\n\n\n\n<p>Erl\u00e4sse<\/p>\n\n\n\n<p><a href=\"https:\/\/www.bildung-stmk.gv.at\/dam\/jcr:4bbd7bc1-6aee-4ae4-82db-fb99c7f31410\/Erlass%20Schulordnung.pdf\">Erlass zur Hausordnung \/ Handyverbot<\/a><\/p>\n\n\n\n<p><\/p>\n","protected":false},"excerpt":{"rendered":"<p>Vordruck f\u00fcr Entschuldigung bei Fernbleiben vom Unterricht: Entschuldigung Links F\u00fcr Eltern Gemeinde Langenwang Bildungsdirektion Steiermark \u00d6sterreichischer Buchklub \u00d6sterreichisches Jugendrotkreuz Steiermark Hilfswerk Steiermark &#8211; Kinderbetreuung F\u00fcr Kinder fragFINN &#8211; Suchmaschine f\u00fcr Kinder Blinde Kuch &#8211; Suchmaschine f\u00fcr Kinder Kidsnet Hamsterkiste Verordnungen VO_Schulsportkalender_2024_25 VO_Safety_Tour_2025 VO_KiERa Erl\u00e4sse Erlass zur Hausordnung \/ Handyverbot<\/p>\n","protected":false},"author":1,"featured_media":0,"parent":0,"menu_order":0,"comment_status":"closed","ping_status":"closed","template":"","meta":{"footnotes":""},"class_list":["post-15","page","type-page","status-publish","hentry"],"_links":{"self":[{"href":"https:\/\/vs-langenwang.at\/index.php\/wp-json\/wp\/v2\/pages\/15","targetHints":{"allow":["GET"]}}],"collection":[{"href":"https:\/\/vs-langenwang.at\/index.php\/wp-json\/wp\/v2\/pages"}],"about":[{"href":"https:\/\/vs-langenwang.at\/index.php\/wp-json\/wp\/v2\/types\/page"}],"author":[{"embeddable":true,"href":"https:\/\/vs-langenwang.at\/index.php\/wp-json\/wp\/v2\/users\/1"}],"replies":[{"embeddable":true,"href":"https:\/\/vs-langenwang.at\/index.php\/wp-json\/wp\/v2\/comments?post=15"}],"version-history":[{"count":5,"href":"https:\/\/vs-langenwang.at\/index.php\/wp-json\/wp\/v2\/pages\/15\/revisions"}],"predecessor-version":[{"id":211,"href":"https:\/\/vs-langenwang.at\/index.php\/wp-json\/wp\/v2\/pages\/15\/revisions\/211"}],"wp:attachment":[{"href":"https:\/\/vs-langenwang.at\/index.php\/wp-json\/wp\/v2\/media?parent=15"}],"curies":[{"name":"wp","href":"https:\/\/api.w.org\/{rel}","templated":true}]}}