{"id":17,"date":"2024-12-09T15:32:26","date_gmt":"2024-12-09T15:32:26","guid":{"rendered":"https:\/\/mystifying-raman.81-21-112-135.plesk.page\/?page_id=17"},"modified":"2024-12-16T13:18:03","modified_gmt":"2024-12-16T13:18:03","slug":"nachmittagsbetreuung","status":"publish","type":"page","link":"https:\/\/vs-langenwang.at\/index.php\/nachmittagsbetreuung\/","title":{"rendered":"Nachmittagsbetreuung"},"content":{"rendered":"\n<p>Die Volksschule Langenwang wird als Ganztagsschule mit getrennter Abfolge nach den Bestimmungen des Schulunterrichts- und Schulorganisationsgesetzes gef\u00fchrt. Das bedeutet, dass bei Bedarf, die Nachmittagsbetreuung besucht werden kann.<\/p>\n\n\n\n<p>Mit der Betreuung der Kinder wurden vom Hilfswerk Steiermark Frau Silvia Galler-Shickle und Frau Doris Knollm\u00fcller beauftragt.<\/p>\n\n\n\n<figure class=\"wp-block-image size-full is-resized\"><img loading=\"lazy\" decoding=\"async\" width=\"768\" height=\"808\" src=\"https:\/\/mystifying-raman.81-21-112-135.plesk.page\/wp-content\/uploads\/2024\/12\/GTS-Team-768x808-1.jpg\" alt=\"\" class=\"wp-image-52\" style=\"width:353px;height:auto\" srcset=\"https:\/\/vs-langenwang.at\/wp-content\/uploads\/2024\/12\/GTS-Team-768x808-1.jpg 768w, https:\/\/vs-langenwang.at\/wp-content\/uploads\/2024\/12\/GTS-Team-768x808-1-285x300.jpg 285w\" sizes=\"auto, (max-width: 768px) 100vw, 768px\" \/><\/figure>\n\n\n\n<p>Die Ziele sind:<\/p>\n\n\n\n<ul class=\"wp-block-list\">\n<li>Erledigung von Hausaufgaben<\/li>\n\n\n\n<li>Vertiefung und F\u00f6rderung<\/li>\n\n\n\n<li>Sicherung der Unterrichtsarbeit<\/li>\n\n\n\n<li>Aneignung des Lernstoffes<\/li>\n\n\n\n<li>sinnvolle Freizeitgestaltung<\/li>\n<\/ul>\n\n\n\n<p>Es besteht f\u00fcr die Kinder die M\u00f6glichkeit, jeden Tag ein warmes Mittagessen bestellen zu lassen \u2013 dies ist aber nicht verpflichtend. Wir werden vom Landeskrankenhaus M\u00fcrzzuschlag beliefert.<\/p>\n\n\n\n<p>Nach Erledigung der schulischen Pflichten stehen den Kindern verschiedenste&nbsp; Freizeitangebote zur Verf\u00fcgung:<\/p>\n\n\n\n<ul class=\"wp-block-list\">\n<li>Spielen und Sport im Freien<\/li>\n\n\n\n<li>Basteln und k\u00fcnstlerisches Gestalten<\/li>\n\n\n\n<li>Ben\u00fctzung der Turnhalle<\/li>\n\n\n\n<li>im Winter Eislaufen und Rodeln<\/li>\n<\/ul>\n\n\n\n<p>Die Betreuung findet von Montag bis Freitag von Unterrichtsschluss bis 17.00 Uhr statt.<\/p>\n\n\n\n<p>Alle aktuellen Tarife f\u00fcr die Betreuungstage, sowie das Mittagessen, erfragen Sie bitte direkt bei Fr. Galler-Shickle oder Fr. Knollm\u00fcller.<\/p>\n\n\n\n<p>Es besteht unter bestimmten Bedingungen die M\u00f6glichkeit, die Aufwendungen \u00fcber die Kinderbetreuungsbeihilfe des Arbeitsmarktservice je nach Einkommen zum Teil r\u00fcckerstattet zu bekommen.<\/p>\n\n\n\n<p>Kontakt: Nachmittagsbetreuung VS+MS Langenwang<\/p>\n\n\n\n<p>Telefon:&nbsp; +43 (0)664-80 78 55 544 oder +43 (0)664-80 78 55 602<\/p>\n\n\n\n<p>Anschrift: Bahnhofstra\u00dfe 4, 8665 Langenwang<\/p>\n\n\n\n<p><a href=\"https:\/\/www.langenwang.at\/images\/bildung\/GTS_Richtlinie_zur_ganztaegigen_Schulform_Amt_der_Stmk_LR_Abteilung6_vom_01.10.2015.pdf\">https:\/\/www.langenwang.at\/images\/bildung\/GTS_Richtlinie_zur_ganztaegigen_Schulform_Amt_der_Stmk_LR_Abteilung6_vom_01.10.2015.pdf<\/a><\/p>\n\n\n\n<p><\/p>\n","protected":false},"excerpt":{"rendered":"<p>Die Volksschule Langenwang wird als Ganztagsschule mit getrennter Abfolge nach den Bestimmungen des Schulunterrichts- und Schulorganisationsgesetzes gef\u00fchrt. Das bedeutet, dass bei Bedarf, die Nachmittagsbetreuung besucht werden kann. Mit der Betreuung der Kinder wurden vom Hilfswerk Steiermark Frau Silvia Galler-Shickle und Frau Doris Knollm\u00fcller beauftragt. Die Ziele sind: Es besteht f\u00fcr die Kinder die M\u00f6glichkeit, jeden Tag ein warmes Mittagessen bestellen<\/p>\n","protected":false},"author":1,"featured_media":0,"parent":0,"menu_order":0,"comment_status":"closed","ping_status":"closed","template":"","meta":{"footnotes":""},"class_list":["post-17","page","type-page","status-publish","hentry"],"_links":{"self":[{"href":"https:\/\/vs-langenwang.at\/index.php\/wp-json\/wp\/v2\/pages\/17","targetHints":{"allow":["GET"]}}],"collection":[{"href":"https:\/\/vs-langenwang.at\/index.php\/wp-json\/wp\/v2\/pages"}],"about":[{"href":"https:\/\/vs-langenwang.at\/index.php\/wp-json\/wp\/v2\/types\/page"}],"author":[{"embeddable":true,"href":"https:\/\/vs-langenwang.at\/index.php\/wp-json\/wp\/v2\/users\/1"}],"replies":[{"embeddable":true,"href":"https:\/\/vs-langenwang.at\/index.php\/wp-json\/wp\/v2\/comments?post=17"}],"version-history":[{"count":4,"href":"https:\/\/vs-langenwang.at\/index.php\/wp-json\/wp\/v2\/pages\/17\/revisions"}],"predecessor-version":[{"id":54,"href":"https:\/\/vs-langenwang.at\/index.php\/wp-json\/wp\/v2\/pages\/17\/revisions\/54"}],"wp:attachment":[{"href":"https:\/\/vs-langenwang.at\/index.php\/wp-json\/wp\/v2\/media?parent=17"}],"curies":[{"name":"wp","href":"https:\/\/api.w.org\/{rel}","templated":true}]}}